{"id":4025,"date":"2019-12-26T13:35:35","date_gmt":"2019-12-26T16:35:35","guid":{"rendered":"https:\/\/degras.cl\/?post_type=product&#038;p=4025"},"modified":"2020-08-28T12:56:49","modified_gmt":"2020-08-28T15:56:49","slug":"fume-blanc-%c2%b7-reserva","status":"publish","type":"product","link":"https:\/\/degras.cl\/?product=fume-blanc-%c2%b7-reserva","title":{"rendered":"Fum\u00e9 Blanc \u00b7 Reserva"},"content":{"rendered":"<p><\/p>\n<p style=\"font-size: 24px; color: #000;\">Fum\u00e9 Blanc \u00b7 Reserva | de Gras<\/p>\n<div class=\"page\" title=\"Page 1\">\n<div class=\"section\">\n<div class=\"layoutArea\">\n<div class=\"column\">\n<div class=\"page\" title=\"Page 1\">\n<div class=\"section\">\n<div class=\"layoutArea\">\n<div class=\"column\">\n<div class=\"page\" title=\"Page 1\">\n<div class=\"section\">\n<div class=\"layoutArea\">\n<div class=\"column\">\n<div class=\"page\" title=\"Page 1\">\n<div class=\"section\">\n<div class=\"layoutArea\">\n<div class=\"column\">\n<p><strong>VI\u00d1EDO<br \/>\nVariedad:<\/strong> 100% Sauvignon Blanc<br \/>\n<strong>Denominaci\u00f3n de Origen:<\/strong> Valle Central<br \/>\n<strong>Clima:\u00a0<\/strong>Mediterr\u00e1neo, con las cuatro estaciones del a\u00f1o bien marcadas y una gran amplitud t\u00e9rmica entre el d\u00eda y la noche.<br \/>\n<strong>Suelo: <\/strong>Principalmente arcilla con algo de granito.<\/p>\n<\/div>\n<\/div>\n<\/div>\n<\/div>\n<\/div>\n<\/div>\n<\/div>\n<\/div>\n<p><strong>NOTAS DE CATA<br \/>\nColor: <\/strong>Casi transparente amarillo, muy brillante y limpio.<br \/>\n<strong>Aroma:\u00a0<\/strong>Aromas intensos de c\u00edtricos con algunas notas de hierba reci\u00e9n cortada.<br \/>\n<strong>Boca: <\/strong>Fresco y jugoso en boca. La boca revela notas minerales que combinan bien con los sabores de c\u00edtricos del vino.<\/p>\n<p><strong>MARIDAJE<br \/>\n<\/strong>Este vino se puede disfrutar solo como aperitivo o combina bien con pescado y mariscos frescos.<\/p>\n<\/div>\n<\/div>\n<\/div>\n<\/div>\n<\/div>\n<\/div>\n<\/div>\n<\/div>\n<p>[vc_row css=&#8221;.vc_custom_1493017390928{margin-top: 60px !important;margin-bottom: 60px !important;}&#8221;][vc_column][vc_separator color=&#8221;custom&#8221; accent_color=&#8221;#e1e1e1&#8243;][\/vc_column][\/vc_row][vc_row equal_height=&#8221;yes&#8221; content_placement=&#8221;middle&#8221;][vc_column width=&#8221;1\/2&#8243;]<\/p>\n<p><img decoding=\"async\" class=\"vc_single_image-img attachment-full aligncenter\" src=\"https:\/\/degras.cl\/wp-content\/uploads\/2020\/07\/de-Gras-Reserva-Blanco-Producto.jpg\" \/><\/p>","protected":false},"excerpt":{"rendered":"<p><strong>de Gras<\/strong><\/p>\n<p>Los vinos \u201cde Gras\u201d Reserva reflejan la filosof\u00eda, pasi\u00f3n y habilidad de la familia para mostrar el terru\u00f1o \u00fanico de cada vino.<\/p>\n<p><strong>Cosecha Vigente<br \/>\nA\u00f1o: <\/strong>2019<br \/>\n<strong>Alcohol:<\/strong>\u00a012% vol.<\/p>\n<p>[vc_separator color=&#8221;custom&#8221; accent_color=&#8221;#e1e1e1&#8243;]<\/p>\n<p><strong>FICHA T\u00c9CNICA<\/strong><br \/>\n2019 \u2013 \u00a0<strong><span style=\"color: #0000ff;\"><a style=\"color: #0000ff;\" href=\"https:\/\/degras.cl\/wp-content\/uploads\/2020\/08\/2019-De-Gras-Reserva-Sauvignon-Blanc-ESP.pdf\" target=\"_blank\" rel=\"noopener noreferrer\">Espa\u00f1ol<\/a><\/span><\/strong> \/\u00a0<strong><span style=\"color: #0000ff;\"><a style=\"color: #0000ff;\" href=\"https:\/\/degras.cl\/wp-content\/uploads\/2020\/08\/2019-De-Gras-Reserva-Sauvignon-Blanc-ENG.pdf\" target=\"_blank\" rel=\"noopener noreferrer\">Ingl\u00e9s<\/a><\/span><\/strong><\/p>\n<p>[vc_separator color=&#8221;custom&#8221; accent_color=&#8221;#e1e1e1&#8243;]<\/p>\n<p><strong>DESCARGA<\/strong><br \/>\n<strong><span style=\"color: #0000ff;\"><a style=\"color: #0000ff;\" href=\"https:\/\/degras.cl\/wp-content\/uploads\/2020\/07\/02_DeGras-Reserva-FB-baja.png\" target=\"_blank\" rel=\"noopener noreferrer\">Botella<\/a><\/span><\/strong> <strong>\/<\/strong> <strong><span style=\"color: #0000ff;\"><a style=\"color: #0000ff;\" href=\"https:\/\/degras.cl\/wp-content\/uploads\/2020\/07\/02_Etiqueta-DeGras-Reserva-FB-2019.jpg\" target=\"_blank\" rel=\"noopener noreferrer\">Etiqueta<\/a><\/span><\/strong><\/p>\n","protected":false},"featured_media":4015,"template":"","meta":[],"class_list":{"0":"post-4025","1":"product","2":"type-product","3":"status-publish","4":"has-post-thumbnail","6":"product_cat-reserva","7":"product_cat-vinos","8":"product_tag-de-gras","9":"product_tag-fume-blanc","10":"product_tag-reserva","11":"product_tag-vinos","13":"first","14":"instock","15":"shipping-taxable","16":"purchasable","17":"product-type-simple"},"_links":{"self":[{"href":"https:\/\/degras.cl\/index.php?rest_route=\/wp\/v2\/product\/4025","targetHints":{"allow":["GET"]}}],"collection":[{"href":"https:\/\/degras.cl\/index.php?rest_route=\/wp\/v2\/product"}],"about":[{"href":"https:\/\/degras.cl\/index.php?rest_route=\/wp\/v2\/types\/product"}],"wp:featuredmedia":[{"embeddable":true,"href":"https:\/\/degras.cl\/index.php?rest_route=\/wp\/v2\/media\/4015"}],"wp:attachment":[{"href":"https:\/\/degras.cl\/index.php?rest_route=%2Fwp%2Fv2%2Fmedia&parent=4025"}],"curies":[{"name":"wp","href":"https:\/\/api.w.org\/{rel}","templated":true}]}}