{"id":4014,"date":"2019-12-26T12:13:54","date_gmt":"2019-12-26T15:13:54","guid":{"rendered":"https:\/\/degras.cl\/?post_type=product&#038;p=4014"},"modified":"2020-08-28T13:02:02","modified_gmt":"2020-08-28T16:02:02","slug":"cabernet-sauvignon-syrah-%c2%b7-reserva","status":"publish","type":"product","link":"https:\/\/degras.cl\/?product=cabernet-sauvignon-syrah-%c2%b7-reserva","title":{"rendered":"Cabernet Sauvignon \/ Syrah \u00b7 Reserva"},"content":{"rendered":"<p><\/p>\n<p style=\"font-size: 24px; color: #000;\">Cabernet Sauvignon \/ Syrah \u00b7 Reserva | de Gras<\/p>\n<div class=\"page\" title=\"Page 1\">\n<div class=\"section\">\n<div class=\"layoutArea\">\n<div class=\"column\">\n<div class=\"page\" title=\"Page 1\">\n<div class=\"section\">\n<div class=\"layoutArea\">\n<div class=\"column\">\n<div class=\"page\" title=\"Page 1\">\n<div class=\"section\">\n<div class=\"layoutArea\">\n<div class=\"column\">\n<div class=\"page\" title=\"Page 1\">\n<div class=\"section\">\n<div class=\"layoutArea\">\n<div class=\"column\">\n<p><strong>VI\u00d1EDO<br \/>\nVariedad:<\/strong> 85% Cabernet Sauvignon &amp; 15% Syrah<br \/>\n<strong>Denominaci\u00f3n de Origen:<\/strong> Valle Central<br \/>\n<strong>Clima:\u00a0<\/strong>Mediterr\u00e1neo, con las cuatro estaciones del a\u00f1o bien marcadas y una gran amplitud t\u00e9rmica entre el d\u00eda y la noche.<br \/>\n<strong>Suelo:\u00a0<\/strong>De caracter\u00edsticas arcillo limosas.<\/p>\n<\/div>\n<\/div>\n<\/div>\n<\/div>\n<\/div>\n<\/div>\n<\/div>\n<\/div>\n<p><strong>NOTAS DE CATA<br \/>\nColor: <\/strong>Color rub\u00ed intenso con algunas notas viol\u00e1ceas.<br \/>\n<strong>Aroma: <\/strong>Aromas agradables a ciruelas maduras y cerezas negras, enmarcadas con sutiles toques de aceitunas.<br \/>\n<strong>Boca: <\/strong>Taninos firmes y jugosos con una textura agradable y redonda. Notas intensas de moras y grosellas con un final agradable y persistente.<\/p>\n<p><strong>MARIDAJE<br \/>\n<\/strong>Marida muy bien con carnes rojas veteadas, quesos maduros y pastas.<\/p>\n<p>&nbsp;<\/p>\n<\/div>\n<\/div>\n<\/div>\n<\/div>\n<\/div>\n<\/div>\n<\/div>\n<\/div>\n<hr \/>\n<p>&nbsp;<\/p>\n<p><img decoding=\"async\" class=\"vc_single_image-img attachment-full aligncenter\" src=\"https:\/\/degras.cl\/wp-content\/uploads\/2019\/12\/Banner-inferior-de-Gras-Reserva.png\" \/><\/p>","protected":false},"excerpt":{"rendered":"<p><strong>de Gras<\/strong><\/p>\n<p>Los vinos \u201cde Gras\u201d Reserva reflejan la filosof\u00eda, pasi\u00f3n y habilidad de la familia para mostrar el terru\u00f1o \u00fanico de cada vino.<\/p>\n<p><strong>Cosecha Vigente<br \/>\nA\u00f1o: <\/strong>2019<br \/>\n<strong>Alcohol:<\/strong>\u00a013% vol.<\/p>\n<p>[vc_separator color=&#8221;custom&#8221; accent_color=&#8221;#e1e1e1&#8243;]<\/p>\n<p><strong>FICHA T\u00c9CNICA<\/strong><strong><span style=\"color: #0000ff;\"><br \/>\n<\/span><\/strong>2019 \u2013\u00a0<strong><span style=\"color: #0000ff;\"><a style=\"color: #0000ff;\" href=\"https:\/\/degras.cl\/wp-content\/uploads\/2020\/08\/2019-De-Gras-Reserva-Cabernet-Sauvignon-Syrah-ESP.pdf\" target=\"_blank\" rel=\"noopener noreferrer\">Espa\u00f1ol<\/a><span style=\"color: #808080;\">\u00a0\/ <\/span><a style=\"color: #0000ff;\" href=\"https:\/\/degras.cl\/wp-content\/uploads\/2020\/08\/2019-De-Gras-Reserva-Cabernet-Sauvignon-Syrah-ENG.pdf\" target=\"_blank\" rel=\"noopener noreferrer\">Ingl\u00e9s<\/a><\/span><\/strong><\/p>\n<p>[vc_separator color=&#8221;custom&#8221; accent_color=&#8221;#e1e1e1&#8243;]<\/p>\n<p><strong>DESCARGA<\/strong><br \/>\n<strong><span style=\"color: #0000ff;\"><a style=\"color: #0000ff;\" href=\"https:\/\/degras.cl\/wp-content\/uploads\/2020\/07\/02_DeGras-Reserva-CSSY.jpg\" target=\"_blank\" rel=\"noopener noreferrer\">Botella<\/a><\/span><\/strong> <strong>\/<\/strong> <strong><span style=\"color: #0000ff;\"><a style=\"color: #0000ff;\" href=\"https:\/\/degras.cl\/wp-content\/uploads\/2020\/07\/02_Etiqueta-DeGras-Reserva-CSSY-2019.jpg\" target=\"_blank\" rel=\"noopener noreferrer\">Etiqueta<\/a><\/span><\/strong><\/p>\n","protected":false},"featured_media":4016,"template":"","meta":[],"class_list":{"0":"post-4014","1":"product","2":"type-product","3":"status-publish","4":"has-post-thumbnail","6":"product_cat-reserva","7":"product_cat-vinos","8":"product_tag-cabernet-sauvignon","9":"product_tag-de-gras","10":"product_tag-reserva","11":"product_tag-syrah","12":"product_tag-vinos","14":"first","15":"instock","16":"shipping-taxable","17":"purchasable","18":"product-type-simple"},"_links":{"self":[{"href":"https:\/\/degras.cl\/index.php?rest_route=\/wp\/v2\/product\/4014","targetHints":{"allow":["GET"]}}],"collection":[{"href":"https:\/\/degras.cl\/index.php?rest_route=\/wp\/v2\/product"}],"about":[{"href":"https:\/\/degras.cl\/index.php?rest_route=\/wp\/v2\/types\/product"}],"wp:featuredmedia":[{"embeddable":true,"href":"https:\/\/degras.cl\/index.php?rest_route=\/wp\/v2\/media\/4016"}],"wp:attachment":[{"href":"https:\/\/degras.cl\/index.php?rest_route=%2Fwp%2Fv2%2Fmedia&parent=4014"}],"curies":[{"name":"wp","href":"https:\/\/api.w.org\/{rel}","templated":true}]}}