{"id":3811,"date":"2019-12-22T18:46:54","date_gmt":"2019-12-22T21:46:54","guid":{"rendered":"https:\/\/degras.cl\/?post_type=product&#038;p=3811"},"modified":"2020-08-28T13:50:37","modified_gmt":"2020-08-28T16:50:37","slug":"cabernet-sauvignon-%c2%b7-reserva","status":"publish","type":"product","link":"https:\/\/degras.cl\/?product=cabernet-sauvignon-%c2%b7-reserva","title":{"rendered":"Cabernet Sauvignon \u00b7 Reserva"},"content":{"rendered":"<p><\/p>\n<p style=\"text-align: center;\"><img loading=\"lazy\" decoding=\"async\" class=\"alignnone wp-image-3836 size-thumbnail\" src=\"https:\/\/degras.cl\/wp-content\/uploads\/2019\/12\/Medalla-UltimateWineChallenge-91-150x150.png\" alt=\"\" width=\"150\" height=\"150\" srcset=\"https:\/\/degras.cl\/wp-content\/uploads\/2019\/12\/Medalla-UltimateWineChallenge-91-150x150.png 150w, https:\/\/degras.cl\/wp-content\/uploads\/2019\/12\/Medalla-UltimateWineChallenge-91-300x300.png 300w, https:\/\/degras.cl\/wp-content\/uploads\/2019\/12\/Medalla-UltimateWineChallenge-91-768x768.png 768w, https:\/\/degras.cl\/wp-content\/uploads\/2019\/12\/Medalla-UltimateWineChallenge-91-370x370.png 370w, https:\/\/degras.cl\/wp-content\/uploads\/2019\/12\/Medalla-UltimateWineChallenge-91-540x540.png 540w, https:\/\/degras.cl\/wp-content\/uploads\/2019\/12\/Medalla-UltimateWineChallenge-91-24x24.png 24w, https:\/\/degras.cl\/wp-content\/uploads\/2019\/12\/Medalla-UltimateWineChallenge-91-36x36.png 36w, https:\/\/degras.cl\/wp-content\/uploads\/2019\/12\/Medalla-UltimateWineChallenge-91-48x48.png 48w, https:\/\/degras.cl\/wp-content\/uploads\/2019\/12\/Medalla-UltimateWineChallenge-91-600x600.png 600w, https:\/\/degras.cl\/wp-content\/uploads\/2019\/12\/Medalla-UltimateWineChallenge-91-100x100.png 100w, https:\/\/degras.cl\/wp-content\/uploads\/2019\/12\/Medalla-UltimateWineChallenge-91.png 939w\" sizes=\"auto, (max-width: 150px) 100vw, 150px\" \/><img loading=\"lazy\" decoding=\"async\" class=\"alignnone wp-image-3845 size-medium\" src=\"https:\/\/degras.cl\/wp-content\/uploads\/2019\/12\/Medalla-AsiaWineTrophy-Gold-2017-300x169.png\" alt=\"\" width=\"300\" height=\"169\" srcset=\"https:\/\/degras.cl\/wp-content\/uploads\/2019\/12\/Medalla-AsiaWineTrophy-Gold-2017-300x169.png 300w, https:\/\/degras.cl\/wp-content\/uploads\/2019\/12\/Medalla-AsiaWineTrophy-Gold-2017-768x432.png 768w, https:\/\/degras.cl\/wp-content\/uploads\/2019\/12\/Medalla-AsiaWineTrophy-Gold-2017-1024x576.png 1024w, https:\/\/degras.cl\/wp-content\/uploads\/2019\/12\/Medalla-AsiaWineTrophy-Gold-2017-370x208.png 370w, https:\/\/degras.cl\/wp-content\/uploads\/2019\/12\/Medalla-AsiaWineTrophy-Gold-2017-540x304.png 540w, https:\/\/degras.cl\/wp-content\/uploads\/2019\/12\/Medalla-AsiaWineTrophy-Gold-2017-24x14.png 24w, https:\/\/degras.cl\/wp-content\/uploads\/2019\/12\/Medalla-AsiaWineTrophy-Gold-2017-36x20.png 36w, https:\/\/degras.cl\/wp-content\/uploads\/2019\/12\/Medalla-AsiaWineTrophy-Gold-2017-48x27.png 48w, https:\/\/degras.cl\/wp-content\/uploads\/2019\/12\/Medalla-AsiaWineTrophy-Gold-2017-600x338.png 600w, https:\/\/degras.cl\/wp-content\/uploads\/2019\/12\/Medalla-AsiaWineTrophy-Gold-2017.png 1668w\" sizes=\"auto, (max-width: 300px) 100vw, 300px\" \/><img loading=\"lazy\" decoding=\"async\" class=\"alignnone wp-image-3838 size-thumbnail\" src=\"https:\/\/degras.cl\/wp-content\/uploads\/2019\/12\/Medalla-MundusVini-Silver-2019-150x150.png\" alt=\"\" width=\"150\" height=\"150\" srcset=\"https:\/\/degras.cl\/wp-content\/uploads\/2019\/12\/Medalla-MundusVini-Silver-2019-150x150.png 150w, https:\/\/degras.cl\/wp-content\/uploads\/2019\/12\/Medalla-MundusVini-Silver-2019-300x300.png 300w, https:\/\/degras.cl\/wp-content\/uploads\/2019\/12\/Medalla-MundusVini-Silver-2019-768x767.png 768w, https:\/\/degras.cl\/wp-content\/uploads\/2019\/12\/Medalla-MundusVini-Silver-2019-370x370.png 370w, https:\/\/degras.cl\/wp-content\/uploads\/2019\/12\/Medalla-MundusVini-Silver-2019-540x539.png 540w, https:\/\/degras.cl\/wp-content\/uploads\/2019\/12\/Medalla-MundusVini-Silver-2019-24x24.png 24w, https:\/\/degras.cl\/wp-content\/uploads\/2019\/12\/Medalla-MundusVini-Silver-2019-36x36.png 36w, https:\/\/degras.cl\/wp-content\/uploads\/2019\/12\/Medalla-MundusVini-Silver-2019-48x48.png 48w, https:\/\/degras.cl\/wp-content\/uploads\/2019\/12\/Medalla-MundusVini-Silver-2019-600x599.png 600w, https:\/\/degras.cl\/wp-content\/uploads\/2019\/12\/Medalla-MundusVini-Silver-2019-100x100.png 100w, https:\/\/degras.cl\/wp-content\/uploads\/2019\/12\/Medalla-MundusVini-Silver-2019.png 939w\" sizes=\"auto, (max-width: 150px) 100vw, 150px\" \/><br \/>\n<strong>2016 Cabernet Sauvignon<\/strong>\u00a0\u00b7 Ultimate Wine Challenge \u00b7 91 Pts. |\u00a0<strong><span style=\"color: #0000ff;\"><a style=\"color: #0000ff;\" href=\"https:\/\/degras.cl\/wp-content\/uploads\/2020\/01\/De-Gras-RESERVA-CS16-R-91-Pts-UWC-ESP.pdf\" target=\"_blank\" rel=\"noopener noreferrer\">VER<\/a><\/span><\/strong><strong><br \/>\n2016<\/strong> <strong>Cabernet Sauvignon<\/strong><strong>\u00a0<\/strong>\u00b7 Asia Wine Trophy \u00b7 Gold Medal |\u00a0<strong><span style=\"color: #0000ff;\"><a style=\"color: #0000ff;\" href=\"https:\/\/degras.cl\/wp-content\/uploads\/2020\/01\/De-Gras-RESERVA-CS16-AWT-ORO.pdf\" target=\"_blank\" rel=\"noopener noreferrer\">VER<\/a><\/span><\/strong><br \/>\n<strong>2018<\/strong> <strong>Cabernet Sauvignon<\/strong><strong>\u00a0<\/strong>\u00b7 Mundus Vini \u00b7 Silver Medal |\u00a0<strong><span style=\"color: #0000ff;\"><a style=\"color: #0000ff;\" href=\"https:\/\/degras.cl\/wp-content\/uploads\/2020\/01\/De-Gras-RESERVA-CS18-MUNDUSVINI-SILVER-ESP.pdf\" target=\"_blank\" rel=\"noopener noreferrer\">VER<\/a><\/span><\/strong><\/p>\n<hr \/>\n<p style=\"font-size: 24px; color: #000;\">Cabernet Sauvignon \u00b7 Reserva | de Gras<\/p>\n<div class=\"page\" title=\"Page 1\">\n<div class=\"section\">\n<div class=\"layoutArea\">\n<div class=\"column\">\n<div class=\"page\" title=\"Page 1\">\n<div class=\"section\">\n<div class=\"layoutArea\">\n<div class=\"column\">\n<div class=\"page\" title=\"Page 1\">\n<div class=\"section\">\n<div class=\"layoutArea\">\n<div class=\"column\">\n<div class=\"page\" title=\"Page 1\">\n<div class=\"section\">\n<div class=\"layoutArea\">\n<div class=\"column\">\n<p><strong>VI\u00d1EDO<br \/>\nVariedad:<\/strong> 100% Cabernet Sauvignon<br \/>\n<strong>Denominaci\u00f3n de Origen:<\/strong> Valle Central<br \/>\n<strong>Clima:\u00a0<\/strong>Mediterr\u00e1neo, con las cuatro estaciones del a\u00f1o bien marcadas y una gran amplitud t\u00e9rmica entre el d\u00eda y la noche.<br \/>\n<strong>Suelo:\u00a0<\/strong>De caracter\u00edsticas arcillo limosas.<\/p>\n<\/div>\n<\/div>\n<\/div>\n<\/div>\n<\/div>\n<\/div>\n<\/div>\n<\/div>\n<p><strong>NOTAS DE CATA<br \/>\nColor:\u00a0<\/strong>Profundo y brillante color rojo.<br \/>\n<strong>Aroma:\u00a0<\/strong>Domina la fruta roja destacando la guinda negra con algo de especies en el fondo como pimienta negra.<br \/>\n<strong>Boca:\u00a0<\/strong>Buena estructura, de taninos redondos y jugosos. Largo y elegante final que invita a seguir disfrut\u00e1ndolo.<\/p>\n<p><strong>MARIDAJE<br \/>\n<\/strong>Marida muy bien con carnes rojas, as\u00ed como tambi\u00e9n con quesos tipo provolone.<\/p>\n<p>&nbsp;<\/p>\n<\/div>\n<\/div>\n<\/div>\n<\/div>\n<\/div>\n<\/div>\n<\/div>\n<\/div>\n<hr \/>\n<p>&nbsp;<\/p>\n<p><img decoding=\"async\" class=\"vc_single_image-img attachment-full aligncenter\" src=\"https:\/\/degras.cl\/wp-content\/uploads\/2019\/12\/Banner-inferior-de-Gras-Reserva.png\" \/><\/p>","protected":false},"excerpt":{"rendered":"<p><strong>de Gras<\/strong><\/p>\n<p>Los vinos \u201cde Gras\u201d Reserva reflejan la filosof\u00eda, pasi\u00f3n y habilidad de la familia para mostrar el terru\u00f1o \u00fanico de cada vino.<\/p>\n<p><strong>Cosecha Vigente<br \/>\nA\u00f1o: <\/strong>2019<br \/>\n<strong>Alcohol:<\/strong>\u00a013,5% vol.<\/p>\n<p>[vc_separator color=&#8221;custom&#8221; accent_color=&#8221;#e1e1e1&#8243;]<\/p>\n<p><strong>FICHA T\u00c9CNICA<\/strong><br \/>\n2018 \u2013\u00a0<strong><span style=\"color: #0000ff;\"><a style=\"color: #0000ff;\" href=\"https:\/\/degras.cl\/wp-content\/uploads\/2019\/11\/2018-De-Gras-Reserva-Cabernet-Sauvignon-ESP.pdf\" target=\"_blank\" rel=\"noopener noreferrer\">Espa\u00f1ol<\/a><\/span><\/strong> <strong>\/<\/strong> <strong><span style=\"color: #0000ff;\"><a style=\"color: #0000ff;\" href=\"https:\/\/degras.cl\/wp-content\/uploads\/2019\/11\/2018-De-Gras-Reserva-Cabernet-Sauvignon-ENG-rev.pdf\" target=\"_blank\" rel=\"noopener noreferrer\">Ingl\u00e9s<\/a><br \/>\n<\/span><\/strong>2019 \u2013\u00a0<strong><span style=\"color: #0000ff;\"><a style=\"color: #0000ff;\" href=\"https:\/\/degras.cl\/wp-content\/uploads\/2020\/06\/2019-De-Gras-Reserva-Cabernet-Sauvignon-ESP.pdf\" target=\"_blank\" rel=\"noopener noreferrer\">Espa\u00f1ol<\/a><\/span><\/strong> <strong>\/<\/strong> <strong><span style=\"color: #0000ff;\"><a style=\"color: #0000ff;\" href=\"https:\/\/degras.cl\/wp-content\/uploads\/2020\/06\/2019-De-Gras-Reserva-Cabernet-Sauvignon-ENG-rev.pdf\" target=\"_blank\" rel=\"noopener noreferrer\">Ingl\u00e9s<\/a><\/span><\/strong><\/p>\n<p>[vc_separator color=&#8221;custom&#8221; accent_color=&#8221;#e1e1e1&#8243;]<\/p>\n<p><strong>DESCARGA<\/strong><br \/>\n<strong><span style=\"color: #0000ff;\"><a style=\"color: #0000ff;\" href=\"https:\/\/degras.cl\/wp-content\/uploads\/2020\/01\/02_DeGras-Reserva-CS-baja.png\" target=\"_blank\" rel=\"noopener noreferrer\">Botella<\/a><\/span><\/strong> <strong>\/<\/strong> <strong><span style=\"color: #0000ff;\"><a style=\"color: #0000ff;\" href=\"https:\/\/degras.cl\/wp-content\/uploads\/2020\/01\/02_Etiqueta-DeGras-Reserva-CS-2019.jpg\" target=\"_blank\" rel=\"noopener noreferrer\">Etiqueta<\/a><\/span><\/strong><\/p>\n","protected":false},"featured_media":3798,"template":"","meta":[],"class_list":{"0":"post-3811","1":"product","2":"type-product","3":"status-publish","4":"has-post-thumbnail","6":"product_cat-reserva","7":"product_cat-vinos","8":"product_tag-cabernet-sauvignon","9":"product_tag-de-gras","10":"product_tag-reserva","11":"product_tag-vinos","13":"first","14":"instock","15":"shipping-taxable","16":"purchasable","17":"product-type-simple"},"_links":{"self":[{"href":"https:\/\/degras.cl\/index.php?rest_route=\/wp\/v2\/product\/3811","targetHints":{"allow":["GET"]}}],"collection":[{"href":"https:\/\/degras.cl\/index.php?rest_route=\/wp\/v2\/product"}],"about":[{"href":"https:\/\/degras.cl\/index.php?rest_route=\/wp\/v2\/types\/product"}],"wp:featuredmedia":[{"embeddable":true,"href":"https:\/\/degras.cl\/index.php?rest_route=\/wp\/v2\/media\/3798"}],"wp:attachment":[{"href":"https:\/\/degras.cl\/index.php?rest_route=%2Fwp%2Fv2%2Fmedia&parent=3811"}],"curies":[{"name":"wp","href":"https:\/\/api.w.org\/{rel}","templated":true}]}}