{"id":3809,"date":"2019-12-25T18:43:37","date_gmt":"2019-12-25T21:43:37","guid":{"rendered":"https:\/\/degras.cl\/?post_type=product&#038;p=3809"},"modified":"2020-08-28T13:33:59","modified_gmt":"2020-08-28T16:33:59","slug":"sauvignon-blanc-%c2%b7-reserva","status":"publish","type":"product","link":"https:\/\/degras.cl\/?product=sauvignon-blanc-%c2%b7-reserva","title":{"rendered":"Sauvignon Blanc \u00b7 Reserva"},"content":{"rendered":"<p><\/p>\n<p style=\"text-align: center;\"><img loading=\"lazy\" decoding=\"async\" class=\"size-thumbnail wp-image-3834 alignnone\" src=\"https:\/\/degras.cl\/wp-content\/uploads\/2020\/01\/Medalla-LaCav-90-150x150.png\" alt=\"\" width=\"150\" height=\"150\" srcset=\"https:\/\/degras.cl\/wp-content\/uploads\/2020\/01\/Medalla-LaCav-90-150x150.png 150w, https:\/\/degras.cl\/wp-content\/uploads\/2020\/01\/Medalla-LaCav-90-300x300.png 300w, https:\/\/degras.cl\/wp-content\/uploads\/2020\/01\/Medalla-LaCav-90-768x768.png 768w, https:\/\/degras.cl\/wp-content\/uploads\/2020\/01\/Medalla-LaCav-90-370x370.png 370w, https:\/\/degras.cl\/wp-content\/uploads\/2020\/01\/Medalla-LaCav-90-540x540.png 540w, https:\/\/degras.cl\/wp-content\/uploads\/2020\/01\/Medalla-LaCav-90-24x24.png 24w, https:\/\/degras.cl\/wp-content\/uploads\/2020\/01\/Medalla-LaCav-90-36x36.png 36w, https:\/\/degras.cl\/wp-content\/uploads\/2020\/01\/Medalla-LaCav-90-48x48.png 48w, https:\/\/degras.cl\/wp-content\/uploads\/2020\/01\/Medalla-LaCav-90-600x600.png 600w, https:\/\/degras.cl\/wp-content\/uploads\/2020\/01\/Medalla-LaCav-90-100x100.png 100w, https:\/\/degras.cl\/wp-content\/uploads\/2020\/01\/Medalla-LaCav-90.png 938w\" sizes=\"auto, (max-width: 150px) 100vw, 150px\" \/><img loading=\"lazy\" decoding=\"async\" class=\"alignnone size-medium wp-image-3844\" src=\"https:\/\/degras.cl\/wp-content\/uploads\/2019\/12\/Medalla-BerlinWineTrophy-Gold-2017-300x169.png\" alt=\"\" width=\"300\" height=\"169\" srcset=\"https:\/\/degras.cl\/wp-content\/uploads\/2019\/12\/Medalla-BerlinWineTrophy-Gold-2017-300x169.png 300w, https:\/\/degras.cl\/wp-content\/uploads\/2019\/12\/Medalla-BerlinWineTrophy-Gold-2017-768x432.png 768w, https:\/\/degras.cl\/wp-content\/uploads\/2019\/12\/Medalla-BerlinWineTrophy-Gold-2017-1024x576.png 1024w, https:\/\/degras.cl\/wp-content\/uploads\/2019\/12\/Medalla-BerlinWineTrophy-Gold-2017-370x208.png 370w, https:\/\/degras.cl\/wp-content\/uploads\/2019\/12\/Medalla-BerlinWineTrophy-Gold-2017-540x304.png 540w, https:\/\/degras.cl\/wp-content\/uploads\/2019\/12\/Medalla-BerlinWineTrophy-Gold-2017-24x14.png 24w, https:\/\/degras.cl\/wp-content\/uploads\/2019\/12\/Medalla-BerlinWineTrophy-Gold-2017-36x20.png 36w, https:\/\/degras.cl\/wp-content\/uploads\/2019\/12\/Medalla-BerlinWineTrophy-Gold-2017-48x27.png 48w, https:\/\/degras.cl\/wp-content\/uploads\/2019\/12\/Medalla-BerlinWineTrophy-Gold-2017-600x338.png 600w, https:\/\/degras.cl\/wp-content\/uploads\/2019\/12\/Medalla-BerlinWineTrophy-Gold-2017.png 1668w\" sizes=\"auto, (max-width: 300px) 100vw, 300px\" \/><img loading=\"lazy\" decoding=\"async\" class=\"size-thumbnail wp-image-3837 alignnone\" src=\"https:\/\/degras.cl\/wp-content\/uploads\/2019\/12\/Medalla-UltimateWineChallenge-90-150x150.png\" alt=\"\" width=\"150\" height=\"150\" srcset=\"https:\/\/degras.cl\/wp-content\/uploads\/2019\/12\/Medalla-UltimateWineChallenge-90-150x150.png 150w, https:\/\/degras.cl\/wp-content\/uploads\/2019\/12\/Medalla-UltimateWineChallenge-90-300x300.png 300w, https:\/\/degras.cl\/wp-content\/uploads\/2019\/12\/Medalla-UltimateWineChallenge-90-768x768.png 768w, https:\/\/degras.cl\/wp-content\/uploads\/2019\/12\/Medalla-UltimateWineChallenge-90-370x370.png 370w, https:\/\/degras.cl\/wp-content\/uploads\/2019\/12\/Medalla-UltimateWineChallenge-90-540x540.png 540w, https:\/\/degras.cl\/wp-content\/uploads\/2019\/12\/Medalla-UltimateWineChallenge-90-24x24.png 24w, https:\/\/degras.cl\/wp-content\/uploads\/2019\/12\/Medalla-UltimateWineChallenge-90-36x36.png 36w, https:\/\/degras.cl\/wp-content\/uploads\/2019\/12\/Medalla-UltimateWineChallenge-90-48x48.png 48w, https:\/\/degras.cl\/wp-content\/uploads\/2019\/12\/Medalla-UltimateWineChallenge-90-600x600.png 600w, https:\/\/degras.cl\/wp-content\/uploads\/2019\/12\/Medalla-UltimateWineChallenge-90-100x100.png 100w, https:\/\/degras.cl\/wp-content\/uploads\/2019\/12\/Medalla-UltimateWineChallenge-90.png 938w\" sizes=\"auto, (max-width: 150px) 100vw, 150px\" \/><br \/>\n<strong>2016 Sauvignon Blanc<\/strong> \u00b7 La Cav \u00b7 90 Pts. |\u00a0<strong><span style=\"color: #0000ff;\"><a style=\"color: #0000ff;\" href=\"https:\/\/degras.cl\/wp-content\/uploads\/2020\/01\/De-Gras-RESERVA-SB16-CAV-ESP.pdf\" target=\"_blank\" rel=\"noopener noreferrer\">VER<\/a><\/span><\/strong><strong><br \/>\n2016<\/strong> <strong>Sauvignon Blanc\u00a0<\/strong>\u00b7 Berlin Wine Trophy \u00b7 Gold Medal |\u00a0<strong><span style=\"color: #0000ff;\"><a style=\"color: #0000ff;\" href=\"https:\/\/degras.cl\/wp-content\/uploads\/2020\/01\/De-Gras-RESERVA-SB16-ORO-BWT.pdf\" target=\"_blank\" rel=\"noopener noreferrer\">VER<\/a><\/span><\/strong><br \/>\n<strong>2016<\/strong> <strong>Sauvignon Blanc\u00a0<\/strong>\u00b7 Ultimate Wine Challenge \u00b7 90 Pts. |\u00a0<strong><span style=\"color: #0000ff;\"><a style=\"color: #0000ff;\" href=\"https:\/\/degras.cl\/wp-content\/uploads\/2020\/01\/De-Gras-RESERVA-SB16-R-90-Pts-UWC-ESP.pdf\" target=\"_blank\" rel=\"noopener noreferrer\">VER<\/a><\/span><\/strong><\/p>\n<hr \/>\n<p style=\"font-size: 24px; color: #000000;\">Sauvignon Blanc \u00b7 Reserva | de Gras<\/p>\n<div class=\"page\" title=\"Page 1\">\n<div class=\"section\">\n<div class=\"layoutArea\">\n<div class=\"column\">\n<div class=\"page\" title=\"Page 1\">\n<div class=\"section\">\n<div class=\"layoutArea\">\n<div class=\"column\">\n<div class=\"page\" title=\"Page 1\">\n<div class=\"section\">\n<div class=\"layoutArea\">\n<div class=\"column\">\n<div class=\"page\" title=\"Page 1\">\n<div class=\"section\">\n<div class=\"layoutArea\">\n<div class=\"column\">\n<p><strong>VI\u00d1EDO<br \/>\nVariedad:<\/strong> 100% Sauvignon Blanc<br \/>\n<strong>Denominaci\u00f3n de Origen:<\/strong> Valle de Leyda<br \/>\n<strong>Clima:<\/strong> Costero, con una fuerte influencia marina especialmente fresca debido a la corriente de Humboldt.<br \/>\n<strong>Suelo:<\/strong> Dep\u00f3sitos aluviales sobre terrazas marinas con granito y arcilla. Cosecha: Uvas seleccionadas y cosechadas manualmente a mediados\u00a0de marzo en adelante.<\/p>\n<\/div>\n<\/div>\n<\/div>\n<\/div>\n<\/div>\n<\/div>\n<\/div>\n<\/div>\n<p><strong>NOTAS DE CATA<br \/>\nColor:<\/strong> Amarillo casi traslucido muy brillante y limpio.<br \/>\n<strong>Aroma:<\/strong> Intensos aromas a frutos c\u00edtricos con algunas notas de hierba reci\u00e9n\u00a0cortada.<br \/>\n<strong>Boca:<\/strong> Fresco y jugoso en el paladar. Con notas minerales que se combinan muy bien con la fruta de estilo c\u00edtrico que posee.<\/p>\n<p><strong>MARIDAJE<br \/>\n<\/strong>Se puede disfrutar solo como aperitivo o acompa\u00f1ado de pescados y mariscos frescos.<\/p>\n<p>&nbsp;<\/p>\n<\/div>\n<\/div>\n<\/div>\n<\/div>\n<\/div>\n<\/div>\n<\/div>\n<\/div>\n<hr \/>\n<p>&nbsp;<\/p>\n<p><img decoding=\"async\" class=\"vc_single_image-img attachment-full aligncenter\" src=\"https:\/\/degras.cl\/wp-content\/uploads\/2020\/07\/de-Gras-Reserva-Blanco-Producto.jpg\" \/><\/p>","protected":false},"excerpt":{"rendered":"<p><strong>de Gras<\/strong><\/p>\n<p>Los vinos \u201cde Gras\u201d Reserva reflejan la filosof\u00eda, pasi\u00f3n y habilidad de la familia para mostrar el terru\u00f1o \u00fanico de cada vino.<\/p>\n<p><strong>Cosecha Vigente<br \/>\nA\u00f1o: <\/strong>2019<br \/>\n<strong>Alcohol:<\/strong>\u00a013% vol.<\/p>\n<p>[vc_separator color=&#8221;custom&#8221; accent_color=&#8221;#e1e1e1&#8243;]<\/p>\n<p><strong>FICHA T\u00c9CNICA<\/strong><br \/>\n2018 \u2013\u00a0<strong><span style=\"color: #0000ff;\"><a style=\"color: #0000ff;\" href=\"https:\/\/degras.cl\/wp-content\/uploads\/2019\/11\/2018-De-Gras-Reserva-Sauvignon-Blanc-ESP.pdf\" target=\"_blank\" rel=\"noopener noreferrer\">Espa\u00f1ol<\/a><\/span><\/strong> <strong>\/<\/strong> <strong><span style=\"color: #0000ff;\"><a style=\"color: #0000ff;\" href=\"https:\/\/degras.cl\/wp-content\/uploads\/2019\/11\/2018-De-Gras-Reserva-Sauvignon-Blanc-ENG-rev.pdf\" target=\"_blank\" rel=\"noopener noreferrer\">Ingl\u00e9s<\/a><\/span><\/strong><br \/>\n2019 \u2013\u00a0<strong><span style=\"color: #0000ff;\"><a style=\"color: #0000ff;\" href=\"https:\/\/degras.cl\/wp-content\/uploads\/2020\/06\/2019-De-Gras-Reserva-Sauvignon-Blanc-ESP.pdf\" target=\"_blank\" rel=\"noopener noreferrer\">Espa\u00f1ol<\/a><\/span><\/strong> <strong>\/<\/strong> <strong><span style=\"color: #0000ff;\"><a style=\"color: #0000ff;\" href=\"https:\/\/degras.cl\/wp-content\/uploads\/2020\/06\/2019-De-Gras-Reserva-Sauvignon-Blanc-ENG-rev.pdf\" target=\"_blank\" rel=\"noopener noreferrer\">Ingl\u00e9s<\/a><\/span><\/strong><\/p>\n<p>[vc_separator color=&#8221;custom&#8221; accent_color=&#8221;#e1e1e1&#8243;]<\/p>\n<p><strong>DESCARGA<\/strong><br \/>\n<strong><span style=\"color: #0000ff;\"><a style=\"color: #0000ff;\" href=\"https:\/\/degras.cl\/wp-content\/uploads\/2020\/01\/02_DeGras-Reserva-SB-baja.png\" target=\"_blank\" rel=\"noopener noreferrer\">Botella<\/a><\/span><\/strong> <strong>\/<\/strong> <strong><span style=\"color: #0000ff;\"><a style=\"color: #0000ff;\" href=\"https:\/\/degras.cl\/wp-content\/uploads\/2020\/01\/02_Etiqueta-DeGras-Reserva-SB-2019.jpg\" target=\"_blank\" rel=\"noopener noreferrer\">Etiqueta<\/a><\/span><\/strong><\/p>\n","protected":false},"featured_media":3799,"template":"","meta":[],"class_list":{"0":"post-3809","1":"product","2":"type-product","3":"status-publish","4":"has-post-thumbnail","6":"product_cat-reserva","7":"product_cat-vinos","8":"product_tag-de-gras","9":"product_tag-reserva","10":"product_tag-sauvignon-blanc","11":"product_tag-vinos","13":"first","14":"instock","15":"shipping-taxable","16":"purchasable","17":"product-type-simple"},"_links":{"self":[{"href":"https:\/\/degras.cl\/index.php?rest_route=\/wp\/v2\/product\/3809","targetHints":{"allow":["GET"]}}],"collection":[{"href":"https:\/\/degras.cl\/index.php?rest_route=\/wp\/v2\/product"}],"about":[{"href":"https:\/\/degras.cl\/index.php?rest_route=\/wp\/v2\/types\/product"}],"wp:featuredmedia":[{"embeddable":true,"href":"https:\/\/degras.cl\/index.php?rest_route=\/wp\/v2\/media\/3799"}],"wp:attachment":[{"href":"https:\/\/degras.cl\/index.php?rest_route=%2Fwp%2Fv2%2Fmedia&parent=3809"}],"curies":[{"name":"wp","href":"https:\/\/api.w.org\/{rel}","templated":true}]}}