{"id":3807,"date":"2019-12-24T18:38:03","date_gmt":"2019-12-24T21:38:03","guid":{"rendered":"https:\/\/degras.cl\/?post_type=product&#038;p=3807"},"modified":"2020-08-28T13:40:21","modified_gmt":"2020-08-28T16:40:21","slug":"chardonnay-%c2%b7-reserva","status":"publish","type":"product","link":"https:\/\/degras.cl\/?product=chardonnay-%c2%b7-reserva","title":{"rendered":"Chardonnay \u00b7 Reserva"},"content":{"rendered":"<p><\/p>\n<p style=\"text-align: center;\"><img loading=\"lazy\" decoding=\"async\" class=\"alignnone wp-image-4010 size-thumbnail\" src=\"https:\/\/degras.cl\/wp-content\/uploads\/2020\/07\/Medalla-LaCav-91-150x150.png\" alt=\"\" width=\"150\" height=\"150\" srcset=\"https:\/\/degras.cl\/wp-content\/uploads\/2020\/07\/Medalla-LaCav-91-150x150.png 150w, https:\/\/degras.cl\/wp-content\/uploads\/2020\/07\/Medalla-LaCav-91-300x300.png 300w, https:\/\/degras.cl\/wp-content\/uploads\/2020\/07\/Medalla-LaCav-91-768x768.png 768w, https:\/\/degras.cl\/wp-content\/uploads\/2020\/07\/Medalla-LaCav-91-370x370.png 370w, https:\/\/degras.cl\/wp-content\/uploads\/2020\/07\/Medalla-LaCav-91-540x540.png 540w, https:\/\/degras.cl\/wp-content\/uploads\/2020\/07\/Medalla-LaCav-91-24x24.png 24w, https:\/\/degras.cl\/wp-content\/uploads\/2020\/07\/Medalla-LaCav-91-36x36.png 36w, https:\/\/degras.cl\/wp-content\/uploads\/2020\/07\/Medalla-LaCav-91-48x48.png 48w, https:\/\/degras.cl\/wp-content\/uploads\/2020\/07\/Medalla-LaCav-91-600x600.png 600w, https:\/\/degras.cl\/wp-content\/uploads\/2020\/07\/Medalla-LaCav-91-100x100.png 100w, https:\/\/degras.cl\/wp-content\/uploads\/2020\/07\/Medalla-LaCav-91.png 938w\" sizes=\"auto, (max-width: 150px) 100vw, 150px\" \/><br \/>\n<strong>2019 Chardonnay<\/strong> \u00b7 La Cav \u00b7 91 Pts. |\u00a0<strong><span style=\"color: #0000ff;\"><a style=\"color: #0000ff;\" href=\"https:\/\/degras.cl\/wp-content\/uploads\/2020\/07\/20JUL17-DEGRAS-RVA-CH-2019-LA-CAV-91-PTS.pdf\" target=\"_blank\" rel=\"noopener noreferrer\">VER<\/a><\/span><\/strong><strong><br \/>\n<\/strong><\/p>\n<hr \/>\n<p style=\"font-size: 24px; color: #000;\">Chardonnay \u00b7 Reserva | de Gras<\/p>\n<div class=\"page\" title=\"Page 1\">\n<div class=\"section\">\n<div class=\"layoutArea\">\n<div class=\"column\">\n<div class=\"page\" title=\"Page 1\">\n<div class=\"section\">\n<div class=\"layoutArea\">\n<div class=\"column\">\n<div class=\"page\" title=\"Page 1\">\n<div class=\"section\">\n<div class=\"layoutArea\">\n<div class=\"column\">\n<div class=\"page\" title=\"Page 1\">\n<div class=\"section\">\n<div class=\"layoutArea\">\n<div class=\"column\">\n<p><strong>VI\u00d1EDO<br \/>\nVariedad:<\/strong> 100% Chardonnay<br \/>\n<strong>Denominaci\u00f3n de Origen:<\/strong> Valle de Colchagua<br \/>\n<strong>Clima:\u00a0<\/strong>Mediterr\u00e1neo, con las cuatro estaciones del a\u00f1o bien marcadas y una gran amplitud t\u00e9rmica entre el d\u00eda y la noche.<br \/>\n<strong>Suelo:\u00a0<\/strong>De caracter\u00edsticas arcillo limosas.<\/p>\n<\/div>\n<\/div>\n<\/div>\n<\/div>\n<\/div>\n<\/div>\n<\/div>\n<\/div>\n<p><strong>NOTAS DE CATA<br \/>\nColor:\u00a0<\/strong>Amarillo pajizo brillante.<br \/>\n<strong>Aroma:\u00a0<\/strong>Intensos aromas tropicales donde destaca la pi\u00f1a madura junto con sutiles notas de tostado y miel al final.<br \/>\n<strong>Boca:\u00a0<\/strong>De un cuerpo medio con una textura cremosa y muy buena acidez, con sabores a durazno y mel\u00f3n que predominan y permanecen en el paladar.<\/p>\n<p><strong>MARIDAJE<br \/>\n<\/strong>Marida perfectamente con pastas que contengan salsas cremosas, as\u00ed como tambi\u00e9n pescados con un mayor contenido graso.<\/p>\n<\/div>\n<\/div>\n<\/div>\n<\/div>\n<\/div>\n<\/div>\n<\/div>\n<\/div>\n<p>[vc_row css=&#8221;.vc_custom_1493017390928{margin-top: 60px !important;margin-bottom: 60px !important;}&#8221;][vc_column][vc_separator color=&#8221;custom&#8221; accent_color=&#8221;#e1e1e1&#8243;][\/vc_column][\/vc_row][vc_row equal_height=&#8221;yes&#8221; content_placement=&#8221;middle&#8221;][vc_column width=&#8221;1\/2&#8243;]<\/p>\n<p><img decoding=\"async\" class=\"vc_single_image-img attachment-full aligncenter\" src=\"https:\/\/degras.cl\/wp-content\/uploads\/2020\/07\/de-Gras-Reserva-Blanco-Producto.jpg\" \/><\/p>","protected":false},"excerpt":{"rendered":"<p><strong>de Gras<\/strong><\/p>\n<p>Los vinos \u201cde Gras\u201d Reserva reflejan la filosof\u00eda, pasi\u00f3n y habilidad de la familia para mostrar el terru\u00f1o \u00fanico de cada vino.<\/p>\n<p><strong>Cosecha Vigente<br \/>\nA\u00f1o: <\/strong>2019<br \/>\n<strong>Alcohol:<\/strong>\u00a014% vol.<\/p>\n<p>[vc_separator color=&#8221;custom&#8221; accent_color=&#8221;#e1e1e1&#8243;]<\/p>\n<p><strong>FICHA T\u00c9CNICA<\/strong><br \/>\n2019<br \/>\n<strong><span style=\"color: #0000ff;\"><a style=\"color: #0000ff;\" href=\"https:\/\/degras.cl\/wp-content\/uploads\/2020\/08\/2019-De-Gras-Reserva-Chardonnay-ESP.pdf\" target=\"_blank\" rel=\"noopener noreferrer\">Espa\u00f1ol<\/a><\/span><\/strong> <strong>\/<\/strong> <strong><span style=\"color: #0000ff;\"><a style=\"color: #0000ff;\" href=\"https:\/\/degras.cl\/wp-content\/uploads\/2020\/08\/2019-De-Gras-Reserva-Chardonnay-ENG-rev.pdf\" target=\"_blank\" rel=\"noopener noreferrer\">Ingl\u00e9s<\/a><\/span><\/strong><\/p>\n<p>[vc_separator color=&#8221;custom&#8221; accent_color=&#8221;#e1e1e1&#8243;]<\/p>\n<p><strong>DESCARGA<\/strong><br \/>\n<strong><span style=\"color: #0000ff;\"><a style=\"color: #0000ff;\" href=\"https:\/\/degras.cl\/wp-content\/uploads\/2020\/01\/02_DeGras-Reserva-CH-baja.png\" target=\"_blank\" rel=\"noopener noreferrer\">Botella<\/a><\/span><\/strong> <strong>\/<\/strong> <strong><span style=\"color: #0000ff;\"><a style=\"color: #0000ff;\" href=\"https:\/\/degras.cl\/wp-content\/uploads\/2020\/01\/02_Etiqueta-DeGras-Reserva-CH-2018.jpg\" target=\"_blank\" rel=\"noopener noreferrer\">Etiqueta<\/a><\/span><\/strong><\/p>\n","protected":false},"featured_media":3800,"template":"","meta":[],"class_list":{"0":"post-3807","1":"product","2":"type-product","3":"status-publish","4":"has-post-thumbnail","6":"product_cat-reserva","7":"product_cat-vinos","8":"product_tag-chardonnay","9":"product_tag-de-gras","10":"product_tag-reserva","11":"product_tag-vinos","13":"first","14":"instock","15":"shipping-taxable","16":"purchasable","17":"product-type-simple"},"_links":{"self":[{"href":"https:\/\/degras.cl\/index.php?rest_route=\/wp\/v2\/product\/3807","targetHints":{"allow":["GET"]}}],"collection":[{"href":"https:\/\/degras.cl\/index.php?rest_route=\/wp\/v2\/product"}],"about":[{"href":"https:\/\/degras.cl\/index.php?rest_route=\/wp\/v2\/types\/product"}],"wp:featuredmedia":[{"embeddable":true,"href":"https:\/\/degras.cl\/index.php?rest_route=\/wp\/v2\/media\/3800"}],"wp:attachment":[{"href":"https:\/\/degras.cl\/index.php?rest_route=%2Fwp%2Fv2%2Fmedia&parent=3807"}],"curies":[{"name":"wp","href":"https:\/\/api.w.org\/{rel}","templated":true}]}}