{"id":3805,"date":"2019-12-18T18:29:22","date_gmt":"2019-12-18T21:29:22","guid":{"rendered":"https:\/\/degras.cl\/?post_type=product&#038;p=3805"},"modified":"2020-08-28T14:14:28","modified_gmt":"2020-08-28T17:14:28","slug":"merlot-%c2%b7-estate","status":"publish","type":"product","link":"https:\/\/degras.cl\/?product=merlot-%c2%b7-estate","title":{"rendered":"Merlot \u00b7 Estate"},"content":{"rendered":"<p><\/p>\n<p style=\"font-size: 24px; color: #000;\">Merlot \u00b7 Estate | de Gras<\/p>\n<div class=\"page\" title=\"Page 1\">\n<div class=\"section\">\n<div class=\"layoutArea\">\n<div class=\"column\">\n<div class=\"page\" title=\"Page 1\">\n<div class=\"section\">\n<div class=\"layoutArea\">\n<div class=\"column\">\n<div class=\"page\" title=\"Page 1\">\n<div class=\"section\">\n<div class=\"layoutArea\">\n<div class=\"column\">\n<div class=\"page\" title=\"Page 1\">\n<div class=\"section\">\n<div class=\"layoutArea\">\n<div class=\"column\">\n<p><strong>VI\u00d1EDO<br \/>\nVariedad:\u00a0<\/strong>85% Merlot &amp; 15% Cabernet Sauvignon.<br \/>\n<strong>Denominaci\u00f3n de Origen:<\/strong> Valle Central<\/p>\n<\/div>\n<\/div>\n<\/div>\n<\/div>\n<\/div>\n<\/div>\n<\/div>\n<\/div>\n<p><strong>NOTAS DE CATA<br \/>\nColor:\u00a0<\/strong>Brillante color rojo con leves toques viol\u00e1ceos.<br \/>\n<strong>Aroma:\u00a0<\/strong>A ciruelas maduras, moras y algo de especias.<br \/>\n<strong>Boca:\u00a0<\/strong>Cuerpo medio de textura suave con taninos maduros y redondos. Persiste con muchas notas frutales.<\/p>\n<p><strong>MARIDAJE<br \/>\n<\/strong>Acompa\u00f1ada muy bien pescados grasos, as\u00ed como tambi\u00e9n carne de cerdo, pastas y risottos.<\/p>\n<\/div>\n<\/div>\n<\/div>\n<\/div>\n<\/div>\n<\/div>\n<\/div>\n<\/div>\n<p>[vc_row css=&#8221;.vc_custom_1493017390928{margin-top: 60px !important;margin-bottom: 60px !important;}&#8221;][vc_column][vc_separator color=&#8221;custom&#8221; accent_color=&#8221;#e1e1e1&#8243;][\/vc_column][\/vc_row][vc_row equal_height=&#8221;yes&#8221; content_placement=&#8221;middle&#8221;][vc_column width=&#8221;1\/2&#8243;]<\/p>\n<p><img decoding=\"async\" class=\"vc_single_image-img attachment-full aligncenter\" src=\"https:\/\/degras.cl\/wp-content\/uploads\/2019\/12\/Banner-inferior-de-Gras-Estate.png\" \/><\/p>","protected":false},"excerpt":{"rendered":"<p><strong>de Gras<\/strong><\/p>\n<p>Este rango consiste en vinos afrutados, arom\u00e1ticos y accesibles para todas las ocasiones, siendo una introducci\u00f3n al estilo de vinificaci\u00f3n \u201cde Gras\u201d.<\/p>\n<p><strong>Cosecha Vigente<br \/>\nA\u00f1o: <\/strong>2019<br \/>\n<strong>Alcohol:<\/strong>\u00a013% vol.<\/p>\n<p>[vc_separator color=&#8221;custom&#8221; accent_color=&#8221;#e1e1e1&#8243;]<\/p>\n<p><strong>FICHA T\u00c9CNICA<\/strong><br \/>\n<strong><span style=\"color: #0000ff;\"><a style=\"color: #0000ff;\" href=\"https:\/\/degras.cl\/wp-content\/uploads\/2019\/11\/De-Gras-Merlot-ESP.pdf\" target=\"_blank\" rel=\"noopener noreferrer\">Espa\u00f1ol<\/a><\/span><\/strong> <strong>\/<\/strong> <strong><span style=\"color: #0000ff;\"><a style=\"color: #0000ff;\" href=\"https:\/\/degras.cl\/wp-content\/uploads\/2019\/11\/De-Gras-Merlot-ENG-rev.pdf\" target=\"_blank\" rel=\"noopener noreferrer\">Ingl\u00e9s<\/a><\/span><\/strong><\/p>\n<p>[vc_separator color=&#8221;custom&#8221; accent_color=&#8221;#e1e1e1&#8243;]<\/p>\n<p><strong>DESCARGA<\/strong><br \/>\n<strong><span style=\"color: #0000ff;\"><a style=\"color: #0000ff;\" href=\"https:\/\/degras.cl\/wp-content\/uploads\/2020\/01\/01_DeGras-Estate-ML-baja.png\" target=\"_blank\" rel=\"noopener noreferrer\">Botella<\/a><\/span><\/strong> <strong>\/<\/strong> <strong><span style=\"color: #0000ff;\"><a style=\"color: #0000ff;\" href=\"https:\/\/degras.cl\/wp-content\/uploads\/2020\/01\/01_Etiqueta-DeGras-Estate-ML-2018.jpg\" target=\"_blank\" rel=\"noopener noreferrer\">Etiqueta<\/a><\/span><\/strong><\/p>\n","protected":false},"featured_media":3795,"template":"","meta":[],"class_list":{"0":"post-3805","1":"product","2":"type-product","3":"status-publish","4":"has-post-thumbnail","6":"product_cat-estate","7":"product_cat-vinos","8":"product_tag-de-gras","9":"product_tag-estate","10":"product_tag-merlot","11":"product_tag-vinos","13":"first","14":"instock","15":"shipping-taxable","16":"purchasable","17":"product-type-simple"},"_links":{"self":[{"href":"https:\/\/degras.cl\/index.php?rest_route=\/wp\/v2\/product\/3805","targetHints":{"allow":["GET"]}}],"collection":[{"href":"https:\/\/degras.cl\/index.php?rest_route=\/wp\/v2\/product"}],"about":[{"href":"https:\/\/degras.cl\/index.php?rest_route=\/wp\/v2\/types\/product"}],"wp:featuredmedia":[{"embeddable":true,"href":"https:\/\/degras.cl\/index.php?rest_route=\/wp\/v2\/media\/3795"}],"wp:attachment":[{"href":"https:\/\/degras.cl\/index.php?rest_route=%2Fwp%2Fv2%2Fmedia&parent=3805"}],"curies":[{"name":"wp","href":"https:\/\/api.w.org\/{rel}","templated":true}]}}