{"id":3498,"date":"2019-12-29T11:12:02","date_gmt":"2019-12-29T14:12:02","guid":{"rendered":"https:\/\/degras.cl\/?post_type=product&#038;p=3498"},"modified":"2020-08-28T12:50:14","modified_gmt":"2020-08-28T15:50:14","slug":"family-reserve","status":"publish","type":"product","link":"https:\/\/degras.cl\/?product=family-reserve","title":{"rendered":"Family Reserve"},"content":{"rendered":"<p><\/p>\n<p style=\"text-align: center;\"><img loading=\"lazy\" decoding=\"async\" class=\"size-thumbnail wp-image-3834 aligncenter\" src=\"https:\/\/degras.cl\/wp-content\/uploads\/2020\/01\/Medalla-LaCav-90-150x150.png\" alt=\"\" width=\"150\" height=\"150\" srcset=\"https:\/\/degras.cl\/wp-content\/uploads\/2020\/01\/Medalla-LaCav-90-150x150.png 150w, https:\/\/degras.cl\/wp-content\/uploads\/2020\/01\/Medalla-LaCav-90-300x300.png 300w, https:\/\/degras.cl\/wp-content\/uploads\/2020\/01\/Medalla-LaCav-90-768x768.png 768w, https:\/\/degras.cl\/wp-content\/uploads\/2020\/01\/Medalla-LaCav-90-370x370.png 370w, https:\/\/degras.cl\/wp-content\/uploads\/2020\/01\/Medalla-LaCav-90-540x540.png 540w, https:\/\/degras.cl\/wp-content\/uploads\/2020\/01\/Medalla-LaCav-90-24x24.png 24w, https:\/\/degras.cl\/wp-content\/uploads\/2020\/01\/Medalla-LaCav-90-36x36.png 36w, https:\/\/degras.cl\/wp-content\/uploads\/2020\/01\/Medalla-LaCav-90-48x48.png 48w, https:\/\/degras.cl\/wp-content\/uploads\/2020\/01\/Medalla-LaCav-90-600x600.png 600w, https:\/\/degras.cl\/wp-content\/uploads\/2020\/01\/Medalla-LaCav-90-100x100.png 100w, https:\/\/degras.cl\/wp-content\/uploads\/2020\/01\/Medalla-LaCav-90.png 938w\" sizes=\"auto, (max-width: 150px) 100vw, 150px\" \/><strong>2018 Family Reserve<\/strong>\u00a0\u00b7 La Cav \u00b7 90 Pts. |\u00a0<strong><span style=\"color: #0000ff;\"><a style=\"color: #0000ff;\" href=\"https:\/\/degras.cl\/wp-content\/uploads\/2020\/01\/De-Gras-FAMILY-RESERVE-PB18-90-Pts-LA-CAV-ESP.pdf\" target=\"_blank\" rel=\"noopener noreferrer\">VER<\/a><\/span><\/strong><\/p>\n<hr \/>\n<p style=\"font-size: 24px; color: #000;\">Family Reserve \u00b7 de Gras<\/p>\n<div class=\"page\" title=\"Page 1\">\n<div class=\"section\">\n<div class=\"layoutArea\">\n<div class=\"column\">\n<div class=\"page\" title=\"Page 1\">\n<div class=\"section\">\n<div class=\"layoutArea\">\n<div class=\"column\">\n<p><strong>VI\u00d1EDO<br \/>\nVariedad:\u00a0<\/strong>45% Cabernet Sauvignon, 25% Syrah, 20% Carmenere &amp; 10% Malbec<br \/>\n<strong>Denominaci\u00f3n de Origen:<\/strong> Valle de Colchagua<br \/>\n<strong>Clima:\u00a0<\/strong>Mediterr\u00e1neo, con las cuatro estaciones del a\u00f1o bien marcadas y una gran amplitud t\u00e9rmica entre el d\u00eda y la noche.<br \/>\n<strong>Suelo:\u00a0<\/strong>Profundo, de caracter\u00edsticas fluviales con arcillas.<\/p>\n<\/div>\n<\/div>\n<\/div>\n<\/div>\n<\/div>\n<\/div>\n<\/div>\n<\/div>\n<p><strong>NOTAS DE CATA<br \/>\nColor:\u00a0<\/strong>De intenso color rojo rub\u00ed con matices viol\u00e1ceos.<br \/>\n<strong>Aroma:\u00a0<\/strong>Destacan los aromas a frutas rojas maduras por sobre las notas de guarda, siendo muy agradable en nariz.<br \/>\n<strong>Boca:\u00a0<\/strong>Tiene una rica textura de taninos jugosos y redondos que acompa\u00f1an de maravillosa manera la gran fruta roja que vuelve a estar presente en el paladar.<\/p>\n<p><strong>MARIDAJE<br \/>\n<\/strong>Muy vers\u00e1til, puede maridar bien con diversos tipos de preparaciones que contengan carnes rojas, blancas y\/o pastas.<\/p>\n<p>&nbsp;<\/p>\n<hr \/>\n<p>&nbsp;<\/p>\n<p><img decoding=\"async\" class=\"vc_single_image-img attachment-full aligncenter\" src=\"https:\/\/degras.cl\/wp-content\/uploads\/2019\/09\/De-Gras-Family-Reserve-Beaty.png\" \/><\/p>","protected":false},"excerpt":{"rendered":"<p><strong>Red Blend<\/strong><br \/>\n<strong>Family Reserve &#8211; de Gras<\/strong><\/p>\n<p>El esp\u00edritu pionero de la Familia y su entendimiento del Valle de Colchagua han resultado en este gran ensamblaje tinto premium de cuatro cepas, que respresenta la mejor expresi\u00f3n de este valle.<\/p>\n<p><strong>Cosecha Vigente<br \/>\nA\u00f1o: <\/strong>2019<br \/>\n<strong>Alcohol:<\/strong> 14% vol.<\/p>\n<p>[vc_separator color=&#8221;custom&#8221; accent_color=&#8221;#e1e1e1&#8243;]<\/p>\n<p><strong>FICHA T\u00c9CNICA<\/strong><br \/>\n2018 \u2013\u00a0<strong><span style=\"color: #0000ff;\"><a style=\"color: #0000ff;\" href=\"https:\/\/degras.cl\/wp-content\/uploads\/2019\/11\/2018-De-Gras-Family-Reserve-ESP.pdf\" target=\"_blank\" rel=\"noopener noreferrer\">Espa\u00f1ol<\/a><\/span><\/strong> <strong>\/<\/strong> <strong><span style=\"color: #0000ff;\"><a style=\"color: #0000ff;\" href=\"https:\/\/degras.cl\/wp-content\/uploads\/2019\/11\/2018-De-Gras-Family-Reserve-ENG.pdf\" target=\"_blank\" rel=\"noopener noreferrer\">Ingl\u00e9s<\/a><br \/>\n<\/span><\/strong>2019 \u2013\u00a0<strong><span style=\"color: #0000ff;\"><a style=\"color: #0000ff;\" href=\"https:\/\/degras.cl\/wp-content\/uploads\/2020\/06\/2019-De-Gras-Family-Reserve-ESP.pdf\" target=\"_blank\" rel=\"noopener noreferrer\">Espa\u00f1ol<\/a><\/span><\/strong> <strong>\/<\/strong> <strong><span style=\"color: #0000ff;\"><a style=\"color: #0000ff;\" href=\"https:\/\/degras.cl\/wp-content\/uploads\/2020\/06\/2019-De-Gras-Family-Reserve-ENG.pdf\" target=\"_blank\" rel=\"noopener noreferrer\">Ingl\u00e9s<\/a><\/span><\/strong><\/p>\n<p>[vc_separator color=&#8221;custom&#8221; accent_color=&#8221;#e1e1e1&#8243;]<\/p>\n<p><strong>DESCARGA<\/strong><br \/>\n<strong><span style=\"color: #0000ff;\"><a style=\"color: #0000ff;\" href=\"https:\/\/degras.cl\/wp-content\/uploads\/2020\/01\/03_DeGras-Family-Reserve-2017.png\" target=\"_blank\" rel=\"noopener noreferrer\">Botella<\/a><\/span><\/strong> <strong>\/<\/strong> <strong><span style=\"color: #0000ff;\"><a style=\"color: #0000ff;\" href=\"https:\/\/degras.cl\/wp-content\/uploads\/2020\/01\/03_Etiqueta-DeGras-Family-Reserve-2018.jpg\" target=\"_blank\" rel=\"noopener noreferrer\">Etiqueta<\/a><\/span><\/strong><\/p>\n","protected":false},"featured_media":3500,"template":"","meta":[],"class_list":{"0":"post-3498","1":"product","2":"type-product","3":"status-publish","4":"has-post-thumbnail","6":"product_cat-vinos","7":"product_tag-de-gras","8":"product_tag-family-reserve","9":"product_tag-vinos","11":"first","12":"instock","13":"shipping-taxable","14":"purchasable","15":"product-type-simple"},"_links":{"self":[{"href":"https:\/\/degras.cl\/index.php?rest_route=\/wp\/v2\/product\/3498","targetHints":{"allow":["GET"]}}],"collection":[{"href":"https:\/\/degras.cl\/index.php?rest_route=\/wp\/v2\/product"}],"about":[{"href":"https:\/\/degras.cl\/index.php?rest_route=\/wp\/v2\/types\/product"}],"wp:featuredmedia":[{"embeddable":true,"href":"https:\/\/degras.cl\/index.php?rest_route=\/wp\/v2\/media\/3500"}],"wp:attachment":[{"href":"https:\/\/degras.cl\/index.php?rest_route=%2Fwp%2Fv2%2Fmedia&parent=3498"}],"curies":[{"name":"wp","href":"https:\/\/api.w.org\/{rel}","templated":true}]}}