{"id":3484,"date":"2019-12-30T12:12:54","date_gmt":"2019-12-30T15:12:54","guid":{"rendered":"https:\/\/degras.cl\/?post_type=product&#038;p=3484"},"modified":"2020-08-28T12:50:46","modified_gmt":"2020-08-28T15:50:46","slug":"founders-collection","status":"publish","type":"product","link":"https:\/\/degras.cl\/?product=founders-collection","title":{"rendered":"Founder&#8217;s Collection"},"content":{"rendered":"<p><\/p>\n<p style=\"text-align: center;\"><img loading=\"lazy\" decoding=\"async\" class=\"alignnone wp-image-3840 size-thumbnail\" src=\"https:\/\/degras.cl\/wp-content\/uploads\/2019\/12\/Medalla-MundusVini-Gold-2019-150x150.png\" alt=\"\" width=\"150\" height=\"150\" srcset=\"https:\/\/degras.cl\/wp-content\/uploads\/2019\/12\/Medalla-MundusVini-Gold-2019-150x150.png 150w, https:\/\/degras.cl\/wp-content\/uploads\/2019\/12\/Medalla-MundusVini-Gold-2019-300x300.png 300w, https:\/\/degras.cl\/wp-content\/uploads\/2019\/12\/Medalla-MundusVini-Gold-2019-768x768.png 768w, https:\/\/degras.cl\/wp-content\/uploads\/2019\/12\/Medalla-MundusVini-Gold-2019-370x370.png 370w, https:\/\/degras.cl\/wp-content\/uploads\/2019\/12\/Medalla-MundusVini-Gold-2019-540x540.png 540w, https:\/\/degras.cl\/wp-content\/uploads\/2019\/12\/Medalla-MundusVini-Gold-2019-24x24.png 24w, https:\/\/degras.cl\/wp-content\/uploads\/2019\/12\/Medalla-MundusVini-Gold-2019-36x36.png 36w, https:\/\/degras.cl\/wp-content\/uploads\/2019\/12\/Medalla-MundusVini-Gold-2019-48x48.png 48w, https:\/\/degras.cl\/wp-content\/uploads\/2019\/12\/Medalla-MundusVini-Gold-2019-600x600.png 600w, https:\/\/degras.cl\/wp-content\/uploads\/2019\/12\/Medalla-MundusVini-Gold-2019-100x100.png 100w, https:\/\/degras.cl\/wp-content\/uploads\/2019\/12\/Medalla-MundusVini-Gold-2019.png 938w\" sizes=\"auto, (max-width: 150px) 100vw, 150px\" \/><img loading=\"lazy\" decoding=\"async\" class=\"alignnone wp-image-3842 size-thumbnail\" src=\"https:\/\/degras.cl\/wp-content\/uploads\/2019\/12\/Medalla-JamesSuckling-90-150x150.png\" alt=\"\" width=\"150\" height=\"150\" srcset=\"https:\/\/degras.cl\/wp-content\/uploads\/2019\/12\/Medalla-JamesSuckling-90-150x150.png 150w, https:\/\/degras.cl\/wp-content\/uploads\/2019\/12\/Medalla-JamesSuckling-90-300x300.png 300w, https:\/\/degras.cl\/wp-content\/uploads\/2019\/12\/Medalla-JamesSuckling-90-768x768.png 768w, https:\/\/degras.cl\/wp-content\/uploads\/2019\/12\/Medalla-JamesSuckling-90-370x370.png 370w, https:\/\/degras.cl\/wp-content\/uploads\/2019\/12\/Medalla-JamesSuckling-90-540x540.png 540w, https:\/\/degras.cl\/wp-content\/uploads\/2019\/12\/Medalla-JamesSuckling-90-24x24.png 24w, https:\/\/degras.cl\/wp-content\/uploads\/2019\/12\/Medalla-JamesSuckling-90-36x36.png 36w, https:\/\/degras.cl\/wp-content\/uploads\/2019\/12\/Medalla-JamesSuckling-90-48x48.png 48w, https:\/\/degras.cl\/wp-content\/uploads\/2019\/12\/Medalla-JamesSuckling-90-600x600.png 600w, https:\/\/degras.cl\/wp-content\/uploads\/2019\/12\/Medalla-JamesSuckling-90-100x100.png 100w, https:\/\/degras.cl\/wp-content\/uploads\/2019\/12\/Medalla-JamesSuckling-90.png 938w\" sizes=\"auto, (max-width: 150px) 100vw, 150px\" \/><img loading=\"lazy\" decoding=\"async\" class=\"alignnone wp-image-3835 size-thumbnail\" src=\"https:\/\/degras.cl\/wp-content\/uploads\/2020\/01\/Medalla-LaCav-93-150x150.png\" alt=\"\" width=\"150\" height=\"150\" srcset=\"https:\/\/degras.cl\/wp-content\/uploads\/2020\/01\/Medalla-LaCav-93-150x150.png 150w, https:\/\/degras.cl\/wp-content\/uploads\/2020\/01\/Medalla-LaCav-93-300x300.png 300w, https:\/\/degras.cl\/wp-content\/uploads\/2020\/01\/Medalla-LaCav-93-768x768.png 768w, https:\/\/degras.cl\/wp-content\/uploads\/2020\/01\/Medalla-LaCav-93-370x370.png 370w, https:\/\/degras.cl\/wp-content\/uploads\/2020\/01\/Medalla-LaCav-93-540x540.png 540w, https:\/\/degras.cl\/wp-content\/uploads\/2020\/01\/Medalla-LaCav-93-24x24.png 24w, https:\/\/degras.cl\/wp-content\/uploads\/2020\/01\/Medalla-LaCav-93-36x36.png 36w, https:\/\/degras.cl\/wp-content\/uploads\/2020\/01\/Medalla-LaCav-93-48x48.png 48w, https:\/\/degras.cl\/wp-content\/uploads\/2020\/01\/Medalla-LaCav-93-600x600.png 600w, https:\/\/degras.cl\/wp-content\/uploads\/2020\/01\/Medalla-LaCav-93-100x100.png 100w, https:\/\/degras.cl\/wp-content\/uploads\/2020\/01\/Medalla-LaCav-93.png 938w\" sizes=\"auto, (max-width: 150px) 100vw, 150px\" \/><br \/>\n<strong>2016 Founder&#8217;s Collection<\/strong>\u00a0\u00b7 Mundus Vini \u00b7 Gold Medal |\u00a0<strong><span style=\"color: #0000ff;\"><a style=\"color: #0000ff;\" href=\"https:\/\/degras.cl\/wp-content\/uploads\/2020\/01\/De-Gras-FOUNDERS-CS16-ORO-GOLD-MV.pdf\" target=\"_blank\" rel=\"noopener noreferrer\">VER<\/a><\/span><\/strong><strong><br \/>\n2016 Founder&#8217;s Collection<\/strong> \u00b7 James Suckling \u00b7 90 Pts. |\u00a0<strong><span style=\"color: #0000ff;\"><a style=\"color: #0000ff;\" href=\"https:\/\/degras.cl\/wp-content\/uploads\/2020\/01\/De-Gras-FOUNDERS-CS16-90-Pts-James-Suckling-ESP.pdf\" target=\"_blank\" rel=\"noopener noreferrer\">VER<\/a><\/span><\/strong><br \/>\n<strong>2016 Founder&#8217;s Collection<\/strong> \u00b7 La Cav \u00b7 93 Pts. |\u00a0<strong><span style=\"color: #0000ff;\"><a style=\"color: #0000ff;\" href=\"https:\/\/degras.cl\/wp-content\/uploads\/2020\/01\/De-Gras-FOUNDERS-CS16-93-Pts-LA-CAV-ESP.pdf\" target=\"_blank\" rel=\"noopener noreferrer\">VER<\/a><\/span><\/strong><\/p>\n<hr \/>\n<p style=\"font-size: 24px; color: #000;\">Founder&#8217;s Collection \u00b7 de Gras<\/p>\n<div class=\"page\" title=\"Page 1\">\n<div class=\"section\">\n<div class=\"layoutArea\">\n<div class=\"column\">\n<div class=\"page\" title=\"Page 1\">\n<div class=\"section\">\n<div class=\"layoutArea\">\n<div class=\"column\">\n<div class=\"page\" title=\"Page 1\">\n<div class=\"section\">\n<div class=\"layoutArea\">\n<div class=\"column\">\n<p><strong>VI\u00d1EDO<br \/>\nVariedad: <\/strong>95% Cabernet Sauvignon, 5% Petit Verdot<br \/>\n<strong>Denominaci\u00f3n de Origen:<\/strong> Valle del Maipo<br \/>\n<strong>Clima:\u00a0<\/strong>Mediterr\u00e1neo, con una gran amplitud t\u00e9rmica entre el d\u00eda y la noche. La Cordillera de Los Andes tiene su mayor influencia, teniendo una estaci\u00f3n seca prolongada y un invierno bien marcado con temperaturas extremas que llegan a cero grados.<br \/>\n<strong>Suelo:\u00a0<\/strong>Muy profundos, de suelos ancestrales aluviales con arcilla en superficie y un subsuelo de arena y rocas. Este tipo de suelo se origin\u00f3 de la descomposici\u00f3n de la Cordillera de Los Andes, que formo distintos tipos de terrazas con variados tama\u00f1os de rocas, encontr\u00e1ndose nuestros vi\u00f1edos de Intriga espec\u00edficamente ubicados en la segunda terraza.<\/p>\n<\/div>\n<\/div>\n<\/div>\n<\/div>\n<\/div>\n<\/div>\n<\/div>\n<\/div>\n<p><strong>NOTAS DE CATA<br \/>\nColor:\u00a0<\/strong>De intenso y profundo color rojo.<br \/>\n<strong>Aroma: <\/strong>Con aromas a frutos maduros y sutiles notas a casis.<br \/>\n<strong>Boca:\u00a0<\/strong>Gran cuerpo y taninos redondos con un delicioso final que persiste en el tiempo y te invita a disfrutar de cada copa.<\/p>\n<p><strong>MARIDAJE<br \/>\n<\/strong>Este excepcional Cabernet Sauvignon marida perfectamente con carnes rojas veteadas, quesos finos y en general comidas con alto contenido graso, como cordero, cabrito al horno y chuletas de cerdo.<\/p>\n<p>&nbsp;<\/p>\n<\/div>\n<\/div>\n<\/div>\n<\/div>\n<hr \/>\n<p>&nbsp;<\/p>\n<p><img decoding=\"async\" class=\"vc_single_image-img attachment-full aligncenter\" src=\"https:\/\/degras.cl\/wp-content\/uploads\/2019\/09\/De-Gras-Founders-Beaty.png\" \/><\/p>","protected":false},"excerpt":{"rendered":"<p><strong>Cabernet Sauvignon<\/strong><br \/>\n<strong>Founder\u2019s Collection &#8211; de Gras<\/strong><\/p>\n<p>Es el fruto de a\u00f1os de exploraci\u00f3n y aprendizaje en el mejor terroir de Chile para la producci\u00f3n de Cabernet Sauvignon: Alto Maipo.<\/p>\n<p><strong>Cosecha Vigente<br \/>\nA\u00f1o: <\/strong>2017<br \/>\n<strong>Alcohol:<\/strong> 14,5% vol.<\/p>\n<p>[vc_separator color=&#8221;custom&#8221; accent_color=&#8221;#e1e1e1&#8243;]<\/p>\n<p><strong>FICHA T\u00c9CNICA<br \/>\n<\/strong>2016 \u2013 <strong><span style=\"color: #0000ff;\"><a style=\"color: #0000ff;\" href=\"https:\/\/degras.cl\/wp-content\/uploads\/2019\/11\/2016-De-Gras-Founders-Collection-ESP.pdf\" target=\"_blank\" rel=\"noopener noreferrer\">Espa\u00f1ol<\/a><\/span><\/strong> <strong>\/<\/strong> <strong><span style=\"color: #0000ff;\"><a style=\"color: #0000ff;\" href=\"https:\/\/degras.cl\/wp-content\/uploads\/2019\/11\/2016-De-Gras-Founders-Collection-ENG.pdf\" target=\"_blank\" rel=\"noopener noreferrer\">Ingl\u00e9s<\/a><br \/>\n<\/span><\/strong>2017 \u2013 <strong><span style=\"color: #0000ff;\"><a style=\"color: #0000ff;\" href=\"https:\/\/degras.cl\/wp-content\/uploads\/2020\/06\/2017-De-Gras-Founders-Collection-ESP.pdf\" target=\"_blank\" rel=\"noopener noreferrer\">Espa\u00f1ol<\/a><\/span><\/strong> <strong>\/<\/strong> <strong><span style=\"color: #0000ff;\"><a style=\"color: #0000ff;\" href=\"https:\/\/degras.cl\/wp-content\/uploads\/2020\/06\/2017-De-Gras-Founders-Collection-ENG.pdf\" target=\"_blank\" rel=\"noopener noreferrer\">Ingl\u00e9s<\/a><\/span><\/strong><\/p>\n<p>[vc_separator color=&#8221;custom&#8221; accent_color=&#8221;#e1e1e1&#8243;]<\/p>\n<p><strong>DESCARGA<\/strong><br \/>\n<strong><span style=\"color: #0000ff;\"><a style=\"color: #0000ff;\" href=\"https:\/\/degras.cl\/wp-content\/uploads\/2020\/01\/04_DeGras-Founders-Collection-2016.png\" target=\"_blank\" rel=\"noopener noreferrer\">Botella<\/a><\/span><\/strong> <strong>\/<\/strong> <strong><span style=\"color: #0000ff;\"><a style=\"color: #0000ff;\" href=\"https:\/\/degras.cl\/wp-content\/uploads\/2020\/01\/04_Etiqueta-DeGras-Founders-Collection-2016.jpg\" target=\"_blank\" rel=\"noopener noreferrer\">Etiqueta<\/a><\/span><\/strong><\/p>\n","protected":false},"featured_media":3481,"template":"","meta":[],"class_list":{"0":"post-3484","1":"product","2":"type-product","3":"status-publish","4":"has-post-thumbnail","6":"product_cat-vinos","7":"product_tag-de-gras","8":"product_tag-founders-collection","9":"product_tag-vinos","11":"first","12":"instock","13":"shipping-taxable","14":"purchasable","15":"product-type-simple"},"_links":{"self":[{"href":"https:\/\/degras.cl\/index.php?rest_route=\/wp\/v2\/product\/3484","targetHints":{"allow":["GET"]}}],"collection":[{"href":"https:\/\/degras.cl\/index.php?rest_route=\/wp\/v2\/product"}],"about":[{"href":"https:\/\/degras.cl\/index.php?rest_route=\/wp\/v2\/types\/product"}],"wp:featuredmedia":[{"embeddable":true,"href":"https:\/\/degras.cl\/index.php?rest_route=\/wp\/v2\/media\/3481"}],"wp:attachment":[{"href":"https:\/\/degras.cl\/index.php?rest_route=%2Fwp%2Fv2%2Fmedia&parent=3484"}],"curies":[{"name":"wp","href":"https:\/\/api.w.org\/{rel}","templated":true}]}}